{"id":2425,"date":"2014-04-03T18:15:03","date_gmt":"2014-04-03T16:15:03","guid":{"rendered":"http:\/\/themenectar.com\/demo\/salient-frostwave\/?page_id=2425"},"modified":"2020-05-12T21:54:50","modified_gmt":"2020-05-12T19:54:50","slug":"nosotros","status":"publish","type":"page","link":"https:\/\/legacy.noupunt.com\/ca\/nosotros\/","title":{"rendered":"NOSALTRES"},"content":{"rendered":"<div id=\"fws_6a010eeeb2cea\"  data-midnight=\"dark\"  data-bg-mobile-hidden=\"\" class=\"wpb_row vc_row-fluid vc_row top-level full-width-content standard_section\"  style=\"padding-top: 0px; padding-bottom: 0px; \"><div class=\"row-bg-wrap\" data-bg-animation=\"none\"><div class=\"inner-wrap\"><div class=\"row-bg\"  style=\"\"><\/div><\/div><div class=\"row-bg-overlay\" ><\/div><\/div><div class=\"col span_12 dark left\">\n\t<div  class=\"vc_col-sm-12 vc_hidden-sm vc_hidden-xs wpb_column column_container vc_column_container col no-extra-padding\"  data-t-w-inherits=\"default\" data-border-radius=\"none\" data-shadow=\"none\" data-border-animation=\"\" data-border-animation-delay=\"\" data-border-width=\"none\" data-border-style=\"solid\" data-border-color=\"\" data-bg-cover=\"\" data-padding-pos=\"all\" data-has-bg-color=\"false\" data-bg-color=\"\" data-bg-opacity=\"1\" data-hover-bg=\"\" data-hover-bg-opacity=\"1\" data-animation=\"\" data-delay=\"0\"><div class=\"column-bg-overlay\"><\/div>\n\t\t<div class=\"vc_column-inner\">\n\t\t\t<div class=\"wpb_wrapper\">\n\t\t\t\t\r\n\t<div class=\"wpb_text_column wpb_content_element\" >\r\n\t\t<div class=\"wpb_wrapper\">\r\n\t\t\t\n<!-- iframe plugin v.6.0 wordpress.org\/plugins\/iframe\/ -->\n<iframe loading=\"lazy\" src=\"http:\/\/www.noupunt.com\/projectes\/noupuntsworld\/no_hotspots_2\" width=\"100%\" height=\"500\" scrolling=\"yes\" class=\"iframe-class\" frameborder=\"0\"><\/iframe>\n\n\r\n\t\t<\/div>\r\n\t<\/div>\r\n\n\t\t\t<\/div> \n\t\t<\/div>\n\t<\/div> \n<\/div><\/div>\n\t\t<div id=\"fws_6a010eeeb3006\"  data-midnight=\"dark\"  data-bg-mobile-hidden=\"\" class=\"wpb_row vc_row-fluid vc_row full-width-content standard_section\"  style=\"padding-top: 0px; padding-bottom: 0px; \"><div class=\"row-bg-wrap\" data-bg-animation=\"none\"><div class=\"inner-wrap\"><div class=\"row-bg\"  style=\"\"><\/div><\/div><div class=\"row-bg-overlay\" ><\/div><\/div><div class=\"col span_12 dark left\">\n\t<div  class=\"vc_col-sm-12 vc_hidden-lg vc_hidden-md wpb_column column_container vc_column_container col no-extra-padding\"  data-t-w-inherits=\"default\" data-border-radius=\"none\" data-shadow=\"none\" data-border-animation=\"\" data-border-animation-delay=\"\" data-border-width=\"none\" data-border-style=\"solid\" data-border-color=\"\" data-bg-cover=\"\" data-padding-pos=\"all\" data-has-bg-color=\"false\" data-bg-color=\"\" data-bg-opacity=\"1\" data-hover-bg=\"\" data-hover-bg-opacity=\"1\" data-animation=\"\" data-delay=\"0\"><div class=\"column-bg-overlay\"><\/div>\n\t\t<div class=\"vc_column-inner\">\n\t\t\t<div class=\"wpb_wrapper\">\n\t\t\t\t<div class=\"img-with-aniamtion-wrap\" data-max-width=\"100%\" data-border-radius=\"none\"><div class=\"inner\"><img loading=\"lazy\" decoding=\"async\" data-shadow=\"none\" data-shadow-direction=\"middle\" class=\"img-with-animation skip-lazy\" data-delay=\"0\" height=\"735\" width=\"1178\"  data-animation=\"fade-in\" src=\"https:\/\/legacy.noupunt.com\/wp-content\/uploads\/2019\/05\/mares_projecte.jpg\" srcset=\"https:\/\/legacy.noupunt.com\/wp-content\/uploads\/2019\/05\/mares_projecte.jpg 1178w, https:\/\/legacy.noupunt.com\/wp-content\/uploads\/2019\/05\/mares_projecte-300x187.jpg 300w, https:\/\/legacy.noupunt.com\/wp-content\/uploads\/2019\/05\/mares_projecte-768x479.jpg 768w, https:\/\/legacy.noupunt.com\/wp-content\/uploads\/2019\/05\/mares_projecte-1024x639.jpg 1024w\" sizes=\"auto, 100vw\" alt=\"Gigafotograf\u00eda Museu Mar\u00e8s\" \/><\/div><\/div>\n\t\t\t<\/div> \n\t\t<\/div>\n\t<\/div> \n<\/div><\/div>\n\t\t<div id=\"fws_6a010eeeb3329\"  data-midnight=\"dark\"  data-bg-mobile-hidden=\"\" class=\"wpb_row vc_row-fluid vc_row full-width-section standard_section\"  style=\"padding-top: 80px; padding-bottom: 80px; \"><div class=\"row-bg-wrap\" data-bg-animation=\"none\"><div class=\"inner-wrap\"><div class=\"row-bg\"  style=\"\"><\/div><\/div><div class=\"row-bg-overlay\" ><\/div><\/div><div class=\"col span_12 dark left\">\n\t<div  class=\"vc_col-sm-6 wpb_column column_container vc_column_container col no-extra-padding\"  data-t-w-inherits=\"default\" data-border-radius=\"none\" data-shadow=\"none\" data-border-animation=\"\" data-border-animation-delay=\"\" data-border-width=\"none\" data-border-style=\"solid\" data-border-color=\"\" data-bg-cover=\"\" data-padding-pos=\"all\" data-has-bg-color=\"false\" data-bg-color=\"\" data-bg-opacity=\"1\" data-hover-bg=\"\" data-hover-bg-opacity=\"1\" data-animation=\"\" data-delay=\"0\"><div class=\"column-bg-overlay\"><\/div>\n\t\t<div class=\"vc_column-inner\">\n\t\t\t<div class=\"wpb_wrapper\">\n\t\t\t\t\r\n\t<div class=\"wpb_text_column wpb_content_element\" >\r\n\t\t<div class=\"wpb_wrapper\">\r\n\t\t\t<h2>L'equip<\/h2>\n<div class=\"vc_column-inner\">\n<div class=\"wpb_wrapper\">\n<div class=\"wpb_text_column wpb_content_element\">\n<div class=\"wpb_wrapper\">\n<div class=\"divider-wrap\" data-alignment=\"default\"><\/div>\n<div class=\"grid_4 alpha\">\n<p>&nbsp;<\/p>\n<\/div>\n<\/div>\n<\/div>\n<\/div>\n<\/div>\n\r\n\t\t<\/div>\r\n\t<\/div>\r\n<div class=\"toggles\" data-style=\"default\"><div class=\"toggle default\"><h3><a href=\"#\"><i class=\"icon-plus-sign\"><\/i>Sergi Gomez - Fot\u00f2graf i Dissenyador Multim\u00e8dia<\/a><\/h3><div>\r\n\t<div class=\"wpb_text_column wpb_content_element\" >\r\n\t\t<div class=\"wpb_wrapper\">\r\n\t\t\t<p>Fot\u00f2graf i membre de l'Associaci\u00f3 Espanyola d'Imatge Cient\u00edfica i Forense. Amb aix\u00f2 us podeu fer una idea de com \u00e9s de friki. Tamb\u00e9 \u00e9s Dissenyador Multim\u00e8dia i programador web. Per aix\u00f2, s'encarrega de l'R+D, de la programaci\u00f3 360 dels tours, de gran part de la postproducci\u00f3, i de coordinar els equips t\u00e8cnics de cada projecte. A Noupunt, no surt a pasturar al camp tant com li agradaria per\u00f2 tamb\u00e9 s'ho passa b\u00e9!<br \/>\nSergi, tiene una vida a parte de los 360\u00ba. Tambi\u00e9n hace otras cosas. Algunas de ellas raras. Pod\u00e9is verlas todas agrupadas en:<\/p>\n<p><a href=\"https:\/\/www.sergigomez.com\/\" target=\"_blank\" rel=\"noopener noreferrer\">www.sergigomez.com\u00a0<\/a><\/p>\n\r\n\t\t<\/div>\r\n\t<\/div>\r\n<\/div><\/div><div class=\"toggle default\"><h3><a href=\"#\"><i class=\"icon-plus-sign\"><\/i>Mart\u00ed Fradera - Fot\u00f2graf i Creador Digital<\/a><\/h3><div>\r\n\t<div class=\"wpb_text_column wpb_content_element\" >\r\n\t\t<div class=\"wpb_wrapper\">\r\n\t\t\t<p>Fot\u00f2graf, creador digital i fotoperiodista intr\u00e8pid. Li agraden les relacions socials i estar a tot arreu (si pot alhora). Per ell l'estr\u00e8s no existeix. Per aix\u00f2, s'encarrega, de la relaci\u00f3 amb els clients, de fer gran part de les fotografies i v\u00eddeos in-situ, i de part de la postproducci\u00f3.<br \/>\nEn Mart\u00ed, viatja molt i diu que amb aix\u00f2 agafa idees noves, no ho sabem. Per\u00f2 el cert \u00e9s que tamb\u00e9 t\u00e9 una carrera prol\u00edfica fora dels 360 \u00ba. Podeu fer una ullada a:<\/p>\n<p><a href=\"http:\/\/www.martifradera.com\/\" target=\"_blank\" rel=\"noopener noreferrer\">www.martifradera.com<\/a><\/p>\n\r\n\t\t<\/div>\r\n\t<\/div>\r\n<\/div><\/div><div class=\"toggle default\"><h3><a href=\"#\"><i class=\"icon-plus-sign\"><\/i>Enric Vernet - Fot\u00f2graf i Creador Digital<\/a><\/h3><div>\r\n\t<div class=\"wpb_text_column wpb_content_element\" >\r\n\t\t<div class=\"wpb_wrapper\">\r\n\t\t\t<p>\u00c9s el m\u00e9s veter\u00e0 de tots, o sigui el que baixa la mitjana de \u00abjoventut\u00bb. Va estudiar i va treballar en anal\u00f2gic! Li agrada la bellesa cl\u00e0ssica i la natura. Per aix\u00f2 \u00e9s l'encarregat d'estar al peu del can\u00f3 fent fotografies, de donar seguretat (\u00abaix\u00f2 est\u00e0 b\u00e9 aix\u00ed, o aix\u00ed? -&gt; Millor aix\u00ed!\u00bb) i de portar el control de qualitat de les imatges. Com els altres, l'Enric tamb\u00e9 omple la seva vida d'altres formes a part del m\u00f3n VR. Si us funciona la web (recordeu el que va estudiar en anal\u00f2gic), podreu veure tot el que fa al seg\u00fcent enlla\u00e7:<\/p>\n<p><a href=\"http:\/\/www.enricvernet.com\/\" target=\"_blank\" rel=\"noopener noreferrer\">www.enricvernet.com<\/a><\/p>\n\r\n\t\t<\/div>\r\n\t<\/div>\r\n<\/div><\/div><div class=\"toggle default\"><h3><a href=\"#\"><i class=\"icon-plus-sign\"><\/i>Ignasi Macias - Project Manager<\/a><\/h3><div>\r\n\t<div class=\"wpb_text_column wpb_content_element\" >\r\n\t\t<div class=\"wpb_wrapper\">\r\n\t\t\t<p>Li van els reptes, emprendre, obrir camins i vestir b\u00e9. Se sap adaptar a les noves situacions per molt estressants que siguin, tot i que \u00e9s de Girona. Per aix\u00f2 \u00e9s l'encarregat d'estar pendent de totes les coses, parlar amb els clients, demanar presentacions als altres i investigar que es porta al m\u00f3n digital per generar productes nous. Com a persona inquieta, l'Ignasi tamb\u00e9 engrandeix el seu CV amb altres coses molt interessants:<\/p>\n<p><a href=\"https:\/\/www.linkedin.com\/in\/ignasi-macias-a55b4957\/\" target=\"_blank\" rel=\"noopener noreferrer\">Linkedin<\/a><\/p>\n\r\n\t\t<\/div>\r\n\t<\/div>\r\n<\/div><\/div><div class=\"toggle default\"><h3><a href=\"#\"><i class=\"icon-plus-sign\"><\/i>Oriol Cabau - Programador Senior<\/a><\/h3><div>\r\n\t<div class=\"wpb_text_column wpb_content_element\" >\r\n\t\t<div class=\"wpb_wrapper\">\r\n\t\t\t<p>\u00c9s una persona que pensa en codi ASCII. Ent\u00e9n la web millor que a si mateix, i encara que tamb\u00e9 \u00e9s un amant dels videojocs la seva passi\u00f3 pels <div>, els <span class=\"pun\">&amp;<\/span><span class=\"pln\">nbsp<\/span><span class=\"pun\">; i les BBDD li poden, aix\u00ed que passa les tardes llegint sobre nous scripts mentre assaboreix una tassa de caf\u00e8 (de vegades amanit, creiem). Per aix\u00f2, \u00e9s l'encarregat de la programaci\u00f3 web dels codis complicats, i de tots els embolics amb els servidors i tal. Juntament amb el Sergi fa que tot funcioni i s'adapti com un rellotge.<\/span><\/p>\n<p>Tot esperant la seva nova biografia escrita en JavaScript, l'Oriol t\u00e9 una prol\u00edfica carrera civerespacial.<\/p>\n<p><a href=\"https:\/\/www.oriolcabau.com\/es\/\" target=\"_blank\" rel=\"noopener noreferrer\">www.oriolcabau.com<\/a><\/p>\n\r\n\t\t<\/div>\r\n\t<\/div>\r\n<\/div><\/div><div class=\"toggle default\"><h3><a href=\"#\"><i class=\"icon-plus-sign\"><\/i>Jordi Castells - Disenyador Senior<\/a><\/h3><div>\r\n\t<div class=\"wpb_text_column wpb_content_element\" >\r\n\t\t<div class=\"wpb_wrapper\">\r\n\t\t\t<p>\u00c9s una persona que si perds la l\u00ednia et dir\u00e0 que mengis m\u00e9s d'una banda perqu\u00e8 no caiguis a l'esquerra. Per ell, els espais en blanc tenen un sentit filos\u00f2fic superior, que encara que no ho notis, impregna tot el teu \u00e9sser. \u00c9s per aix\u00f2 que \u00e9s l'encarregat de dissenyar coses molt xules que fan la vida m\u00e9s dif\u00edcil als programadors. Aix\u00f2 li agrada.<\/p>\n<p>En Jordi t\u00e9 una vida molt interessant que reflecteix a les seves obres, com podreu comprovar a:<\/p>\n<p><a href=\"https:\/\/atoomstudio.com\" target=\"_blank\" rel=\"noopener noreferrer\">Atoom Studio<\/a><\/p>\n\r\n\t\t<\/div>\r\n\t<\/div>\r\n<\/div><\/div><\/div>\r\n\t<div class=\"wpb_text_column wpb_content_element\" >\r\n\t\t<div class=\"wpb_wrapper\">\r\n\t\t\t<p>Tamb\u00e9 col\u00b7laborem habitualment amb empreses i persones especialistes en diferents \u00e0mbits que puguin sorgir com a operadors de Dron, desenvolupadors d'aplicacions, etc.<\/p>\n\r\n\t\t<\/div>\r\n\t<\/div>\r\n\n\t\t\t<\/div> \n\t\t<\/div>\n\t<\/div> \n\n\t<div  class=\"vc_col-sm-6 wpb_column column_container vc_column_container col no-extra-padding\"  data-t-w-inherits=\"default\" data-border-radius=\"none\" data-shadow=\"none\" data-border-animation=\"\" data-border-animation-delay=\"\" data-border-width=\"none\" data-border-style=\"solid\" data-border-color=\"\" data-bg-cover=\"\" data-padding-pos=\"all\" data-has-bg-color=\"false\" data-bg-color=\"\" data-bg-opacity=\"1\" data-hover-bg=\"\" data-hover-bg-opacity=\"1\" data-animation=\"\" data-delay=\"0\"><div class=\"column-bg-overlay\"><\/div>\n\t\t<div class=\"vc_column-inner\">\n\t\t\t<div class=\"wpb_wrapper\">\n\t\t\t\t\r\n\t<div class=\"wpb_text_column wpb_content_element\" >\r\n\t\t<div class=\"wpb_wrapper\">\r\n\t\t\t<h2>La uni\u00f3 dels nostres poders<\/h2>\n<div class=\"divider-wrap\" data-alignment=\"default\"><div style=\"height: 5px;\" class=\"divider\"><\/div><\/div>\n\r\n\t\t<\/div>\r\n\t<\/div>\r\n\r\n\t<div class=\"nectar-progress-bar\">\r\n\t\t<p>FOTO I VIDEO 360<\/p>\r\n\t\t<div class=\"bar-wrap\"><span class=\"accent-color\" data-width=\"100\"> <strong><i>100<\/i>%<\/strong> <\/span><\/div>\r\n\t<\/div>\r\n\t<div class=\"nectar-progress-bar\">\r\n\t\t<p>IMATGE DIGITAL<\/p>\r\n\t\t<div class=\"bar-wrap\"><span class=\"accent-color\" data-width=\"100\"> <strong><i>100<\/i>%<\/strong> <\/span><\/div>\r\n\t<\/div>\r\n\t<div class=\"nectar-progress-bar\">\r\n\t\t<p>DISE\u00d1O Y CREATIVIDAD<\/p>\r\n\t\t<div class=\"bar-wrap\"><span class=\"accent-color\" data-width=\"100\"> <strong><i>100<\/i>%<\/strong> <\/span><\/div>\r\n\t<\/div>\r\n\t<div class=\"nectar-progress-bar\">\r\n\t\t<p>PROGRAMACI\u00d3 WEB I 360\u00ba<\/p>\r\n\t\t<div class=\"bar-wrap\"><span class=\"accent-color\" data-width=\"100\"> <strong><i>100<\/i>%<\/strong> <\/span><\/div>\r\n\t<\/div>\r\n\t<div class=\"nectar-progress-bar\">\r\n\t\t<p>INNOVACI\u00d3 TECNOL\u00d2GICA<\/p>\r\n\t\t<div class=\"bar-wrap\"><span class=\"accent-color\" data-width=\"100\"> <strong><i>100<\/i>%<\/strong> <\/span><\/div>\r\n\t<\/div>\r\n\t<div class=\"nectar-progress-bar\">\r\n\t\t<p>ENTUSIASME<\/p>\r\n\t\t<div class=\"bar-wrap\"><span class=\"accent-color\" data-width=\"100\"> <strong><i>100<\/i>%<\/strong> <\/span><\/div>\r\n\t<\/div><div class=\"divider-wrap\" data-alignment=\"default\"><div style=\"height: 10px;\" class=\"divider\"><\/div><\/div><div class=\"divider-wrap\" data-alignment=\"default\"><div style=\"height: 10px;\" class=\"divider\"><\/div><\/div>\r\n\t<div class=\"nectar-progress-bar\">\r\n\t\t<p>JUVENTUT<\/p>\r\n\t\t<div class=\"bar-wrap\"><span class=\"accent-color\" data-width=\"75\"> <strong><i>75<\/i>%<\/strong> <\/span><\/div>\r\n\t<\/div>\r\n\t<div class=\"wpb_text_column wpb_content_element  wpb_animate_when_almost_visible wpb_flipInY flipInY\" >\r\n\t\t<div class=\"wpb_wrapper\">\r\n\t\t\t<p><span style=\"color: #f27324;\"><sup>Si, i cada any baixa una mica<\/sup><\/span><\/p>\n\r\n\t\t<\/div>\r\n\t<\/div>\r\n<div class=\"divider-wrap\" data-alignment=\"default\"><div style=\"height: 10px;\" class=\"divider\"><\/div><\/div>\r\n\t<div class=\"nectar-progress-bar\">\r\n\t\t<p>ABURRIMENT<\/p>\r\n\t\t<div class=\"bar-wrap\"><span class=\"accent-color\" data-width=\"5\"> <strong><i>5<\/i>%<\/strong> <\/span><\/div>\r\n\t<\/div>\r\n\t<div class=\"wpb_text_column wpb_content_element  wpb_animate_when_almost_visible wpb_flipInX flipInX\" >\r\n\t\t<div class=\"wpb_wrapper\">\r\n\t\t\t<p><span style=\"color: #f27324;\"><sup>Nom\u00e9s alguns dilluns<\/sup><\/span><\/p>\n\r\n\t\t<\/div>\r\n\t<\/div>\r\n\n\t\t\t<\/div> \n\t\t<\/div>\n\t<\/div> \n<\/div><\/div>\n\t\t<div id=\"fws_6a010eeeb398b\"  data-midnight=\"dark\"  data-bg-mobile-hidden=\"\" class=\"wpb_row vc_row-fluid vc_row full-width-content standard_section\"  style=\"padding-top: 0px; padding-bottom: 0px; \"><div class=\"row-bg-wrap\" data-bg-animation=\"none\"><div class=\"inner-wrap\"><div class=\"row-bg\"  style=\"\"><\/div><\/div><div class=\"row-bg-overlay\" ><\/div><\/div><div class=\"col span_12 dark left\">\n\t<div style=\"\" class=\"vc_col-sm-12 wpb_column column_container vc_column_container col centered-text padding-2-percent\" data-using-bg=\"true\" data-t-w-inherits=\"default\" data-border-radius=\"none\" data-shadow=\"none\" data-border-animation=\"\" data-border-animation-delay=\"\" data-border-width=\"none\" data-border-style=\"solid\" data-border-color=\"\" data-bg-cover=\"\" data-padding-pos=\"all\" data-has-bg-color=\"true\" data-bg-color=\"#f96566\" data-bg-opacity=\"1\" data-hover-bg=\"#1c1c1c\" data-hover-bg-opacity=\"1\" data-animation=\"\" data-delay=\"0\"><a class=\"column-link\" target=\"_self\" href=\"#\"><\/a><div class=\"column-bg-overlay\" style=\"opacity: 1; background-color: #f96566;\"><\/div>\n\t\t<div class=\"vc_column-inner\">\n\t\t\t<div class=\"wpb_wrapper\">\n\t\t\t\t\r\n\t<div class=\"wpb_text_column wpb_content_element\" >\r\n\t\t<div class=\"wpb_wrapper\">\r\n\t\t\t<h2><span style=\"color: #ffffff;\">Contacta con nosotros !<\/span><\/h2>\n\r\n\t\t<\/div>\r\n\t<\/div>\r\n\n\t\t\t<\/div> \n\t\t<\/div>\n\t<\/div> \n<\/div><\/div>","protected":false},"excerpt":{"rendered":"El equipo &nbsp; Sergi Gomez - Fot\u00f3graf\u00f3 y Dise\u00f1ador Multim\u00e9dia Fot\u00f3grafo y miembro de la Asociaci\u00f3n Espa\u00f1ola de Imagen Cient\u00edfica Y Forense. Con eso os podeis hacer una idea de...","protected":false},"author":1,"featured_media":0,"parent":0,"menu_order":4,"comment_status":"open","ping_status":"closed","template":"","meta":{"footnotes":""},"class_list":["post-2425","page","type-page","status-publish"],"_links":{"self":[{"href":"https:\/\/legacy.noupunt.com\/ca\/wp-json\/wp\/v2\/pages\/2425","targetHints":{"allow":["GET"]}}],"collection":[{"href":"https:\/\/legacy.noupunt.com\/ca\/wp-json\/wp\/v2\/pages"}],"about":[{"href":"https:\/\/legacy.noupunt.com\/ca\/wp-json\/wp\/v2\/types\/page"}],"author":[{"embeddable":true,"href":"https:\/\/legacy.noupunt.com\/ca\/wp-json\/wp\/v2\/users\/1"}],"replies":[{"embeddable":true,"href":"https:\/\/legacy.noupunt.com\/ca\/wp-json\/wp\/v2\/comments?post=2425"}],"version-history":[{"count":22,"href":"https:\/\/legacy.noupunt.com\/ca\/wp-json\/wp\/v2\/pages\/2425\/revisions"}],"predecessor-version":[{"id":4081,"href":"https:\/\/legacy.noupunt.com\/ca\/wp-json\/wp\/v2\/pages\/2425\/revisions\/4081"}],"wp:attachment":[{"href":"https:\/\/legacy.noupunt.com\/ca\/wp-json\/wp\/v2\/media?parent=2425"}],"curies":[{"name":"wp","href":"https:\/\/api.w.org\/{rel}","templated":true}]}}